{"id":185,"date":"2021-03-10T03:46:07","date_gmt":"2021-03-10T02:46:07","guid":{"rendered":"http:\/\/josartistepeintre.fr\/?page_id=185"},"modified":"2021-03-15T02:34:41","modified_gmt":"2021-03-15T01:34:41","slug":"les-chapeaux","status":"publish","type":"page","link":"https:\/\/josartistepeintre.fr\/?page_id=185","title":{"rendered":"Les chapeaux"},"content":{"rendered":"\n<p class=\"has-text-align-center\">Arborez fi\u00e8rement ces chapeaux de soleil, style Borsalino, imperm\u00e9abilis\u00e9s dont le bandeau est peint \u00e0 l&rsquo;acrylique avec le motif de votre choix !<br>Pi\u00e8ces uniques<br>Tailles adulte et enfant<\/p>\n\n\n\n<div class=\"wp-block-image\"><figure class=\"aligncenter size-large\"><img decoding=\"async\" loading=\"lazy\" width=\"700\" height=\"933\" src=\"http:\/\/josartistepeintre.fr\/wp-content\/uploads\/2021\/03\/20191219_152239_compress10-700x933.jpg\" alt=\"\" class=\"wp-image-558\" srcset=\"https:\/\/josartistepeintre.fr\/wp-content\/uploads\/2021\/03\/20191219_152239_compress10-700x933.jpg 700w, https:\/\/josartistepeintre.fr\/wp-content\/uploads\/2021\/03\/20191219_152239_compress10-225x300.jpg 225w, https:\/\/josartistepeintre.fr\/wp-content\/uploads\/2021\/03\/20191219_152239_compress10-768x1024.jpg 768w, https:\/\/josartistepeintre.fr\/wp-content\/uploads\/2021\/03\/20191219_152239_compress10-rotated.jpg 774w\" sizes=\"(max-width: 700px) 100vw, 700px\" \/><\/figure><\/div>\n\n\n\n<div class=\"wp-block-image\"><figure class=\"aligncenter size-large\"><img decoding=\"async\" loading=\"lazy\" width=\"700\" height=\"525\" src=\"http:\/\/josartistepeintre.fr\/wp-content\/uploads\/2021\/03\/20190806_145253_compress62-700x525.jpg\" alt=\"\" class=\"wp-image-559\" srcset=\"https:\/\/josartistepeintre.fr\/wp-content\/uploads\/2021\/03\/20190806_145253_compress62-700x525.jpg 700w, https:\/\/josartistepeintre.fr\/wp-content\/uploads\/2021\/03\/20190806_145253_compress62-300x225.jpg 300w, https:\/\/josartistepeintre.fr\/wp-content\/uploads\/2021\/03\/20190806_145253_compress62-768x576.jpg 768w, https:\/\/josartistepeintre.fr\/wp-content\/uploads\/2021\/03\/20190806_145253_compress62.jpg 1032w\" sizes=\"(max-width: 700px) 100vw, 700px\" \/><\/figure><\/div>\n\n\n\n<div class=\"wp-block-image\"><figure class=\"aligncenter size-large\"><img decoding=\"async\" loading=\"lazy\" width=\"700\" height=\"555\" src=\"http:\/\/josartistepeintre.fr\/wp-content\/uploads\/2021\/03\/20190806_150945_compress94-700x555.jpg\" alt=\"\" class=\"wp-image-560\" srcset=\"https:\/\/josartistepeintre.fr\/wp-content\/uploads\/2021\/03\/20190806_150945_compress94-700x555.jpg 700w, https:\/\/josartistepeintre.fr\/wp-content\/uploads\/2021\/03\/20190806_150945_compress94-300x238.jpg 300w, https:\/\/josartistepeintre.fr\/wp-content\/uploads\/2021\/03\/20190806_150945_compress94-768x608.jpg 768w, https:\/\/josartistepeintre.fr\/wp-content\/uploads\/2021\/03\/20190806_150945_compress94.jpg 905w\" sizes=\"(max-width: 700px) 100vw, 700px\" \/><\/figure><\/div>\n\n\n\n<div class=\"wp-block-image\"><figure class=\"aligncenter size-large\"><img decoding=\"async\" loading=\"lazy\" width=\"700\" height=\"525\" src=\"http:\/\/josartistepeintre.fr\/wp-content\/uploads\/2021\/03\/20190806_145223_compress40-700x525.jpg\" alt=\"\" class=\"wp-image-561\" srcset=\"https:\/\/josartistepeintre.fr\/wp-content\/uploads\/2021\/03\/20190806_145223_compress40-700x525.jpg 700w, https:\/\/josartistepeintre.fr\/wp-content\/uploads\/2021\/03\/20190806_145223_compress40-300x225.jpg 300w, https:\/\/josartistepeintre.fr\/wp-content\/uploads\/2021\/03\/20190806_145223_compress40-768x576.jpg 768w, https:\/\/josartistepeintre.fr\/wp-content\/uploads\/2021\/03\/20190806_145223_compress40.jpg 1032w\" sizes=\"(max-width: 700px) 100vw, 700px\" \/><\/figure><\/div>\n\n\n\n<div class=\"wp-block-image\"><figure class=\"aligncenter size-large\"><img decoding=\"async\" loading=\"lazy\" width=\"700\" height=\"525\" src=\"http:\/\/josartistepeintre.fr\/wp-content\/uploads\/2021\/03\/20190806_145206_compress35-700x525.jpg\" alt=\"\" class=\"wp-image-562\" srcset=\"https:\/\/josartistepeintre.fr\/wp-content\/uploads\/2021\/03\/20190806_145206_compress35-700x525.jpg 700w, https:\/\/josartistepeintre.fr\/wp-content\/uploads\/2021\/03\/20190806_145206_compress35-300x225.jpg 300w, https:\/\/josartistepeintre.fr\/wp-content\/uploads\/2021\/03\/20190806_145206_compress35-768x576.jpg 768w, https:\/\/josartistepeintre.fr\/wp-content\/uploads\/2021\/03\/20190806_145206_compress35.jpg 1032w\" sizes=\"(max-width: 700px) 100vw, 700px\" \/><\/figure><\/div>\n\n\n\n<div class=\"wp-block-image\"><figure class=\"aligncenter size-large\"><img decoding=\"async\" loading=\"lazy\" width=\"700\" height=\"525\" src=\"http:\/\/josartistepeintre.fr\/wp-content\/uploads\/2021\/03\/20190806_145119_compress20-700x525.jpg\" alt=\"\" class=\"wp-image-563\" srcset=\"https:\/\/josartistepeintre.fr\/wp-content\/uploads\/2021\/03\/20190806_145119_compress20-700x525.jpg 700w, https:\/\/josartistepeintre.fr\/wp-content\/uploads\/2021\/03\/20190806_145119_compress20-300x225.jpg 300w, https:\/\/josartistepeintre.fr\/wp-content\/uploads\/2021\/03\/20190806_145119_compress20-768x576.jpg 768w, https:\/\/josartistepeintre.fr\/wp-content\/uploads\/2021\/03\/20190806_145119_compress20.jpg 1032w\" sizes=\"(max-width: 700px) 100vw, 700px\" \/><\/figure><\/div>\n\n\n\n<div class=\"wp-block-image\"><figure class=\"aligncenter size-large\"><img decoding=\"async\" loading=\"lazy\" width=\"700\" height=\"525\" src=\"http:\/\/josartistepeintre.fr\/wp-content\/uploads\/2021\/03\/20190806_145033_compress14-700x525.jpg\" alt=\"\" class=\"wp-image-564\" srcset=\"https:\/\/josartistepeintre.fr\/wp-content\/uploads\/2021\/03\/20190806_145033_compress14-700x525.jpg 700w, https:\/\/josartistepeintre.fr\/wp-content\/uploads\/2021\/03\/20190806_145033_compress14-300x225.jpg 300w, https:\/\/josartistepeintre.fr\/wp-content\/uploads\/2021\/03\/20190806_145033_compress14-768x576.jpg 768w, https:\/\/josartistepeintre.fr\/wp-content\/uploads\/2021\/03\/20190806_145033_compress14.jpg 1032w\" sizes=\"(max-width: 700px) 100vw, 700px\" \/><\/figure><\/div>\n\n\n\n<div class=\"wp-block-image\"><figure class=\"aligncenter size-large\"><img decoding=\"async\" loading=\"lazy\" width=\"700\" height=\"525\" src=\"http:\/\/josartistepeintre.fr\/wp-content\/uploads\/2021\/03\/20190806_144951_compress13-700x525.jpg\" alt=\"\" class=\"wp-image-565\" srcset=\"https:\/\/josartistepeintre.fr\/wp-content\/uploads\/2021\/03\/20190806_144951_compress13-700x525.jpg 700w, https:\/\/josartistepeintre.fr\/wp-content\/uploads\/2021\/03\/20190806_144951_compress13-300x225.jpg 300w, https:\/\/josartistepeintre.fr\/wp-content\/uploads\/2021\/03\/20190806_144951_compress13-768x576.jpg 768w, https:\/\/josartistepeintre.fr\/wp-content\/uploads\/2021\/03\/20190806_144951_compress13.jpg 1032w\" sizes=\"(max-width: 700px) 100vw, 700px\" \/><\/figure><\/div>\n\n\n\n<div class=\"wp-block-image\"><figure class=\"aligncenter size-large\"><img decoding=\"async\" loading=\"lazy\" width=\"700\" height=\"730\" src=\"http:\/\/josartistepeintre.fr\/wp-content\/uploads\/2021\/03\/20190523_111226_compress74-700x730.jpg\" alt=\"\" class=\"wp-image-566\" srcset=\"https:\/\/josartistepeintre.fr\/wp-content\/uploads\/2021\/03\/20190523_111226_compress74-700x730.jpg 700w, https:\/\/josartistepeintre.fr\/wp-content\/uploads\/2021\/03\/20190523_111226_compress74-288x300.jpg 288w, https:\/\/josartistepeintre.fr\/wp-content\/uploads\/2021\/03\/20190523_111226_compress74.jpg 768w\" sizes=\"(max-width: 700px) 100vw, 700px\" \/><\/figure><\/div>\n\n\n\n<div class=\"wp-block-image\"><figure class=\"aligncenter size-large\"><img decoding=\"async\" loading=\"lazy\" width=\"700\" height=\"562\" src=\"http:\/\/josartistepeintre.fr\/wp-content\/uploads\/2021\/03\/20190523_111556_compress40-700x562.jpg\" alt=\"\" class=\"wp-image-567\" srcset=\"https:\/\/josartistepeintre.fr\/wp-content\/uploads\/2021\/03\/20190523_111556_compress40-700x562.jpg 700w, https:\/\/josartistepeintre.fr\/wp-content\/uploads\/2021\/03\/20190523_111556_compress40-300x241.jpg 300w, https:\/\/josartistepeintre.fr\/wp-content\/uploads\/2021\/03\/20190523_111556_compress40-768x617.jpg 768w, https:\/\/josartistepeintre.fr\/wp-content\/uploads\/2021\/03\/20190523_111556_compress40.jpg 833w\" sizes=\"(max-width: 700px) 100vw, 700px\" \/><\/figure><\/div>\n\n\n\n<div class=\"wp-block-image\"><figure class=\"aligncenter size-large\"><img decoding=\"async\" loading=\"lazy\" width=\"700\" height=\"933\" src=\"http:\/\/josartistepeintre.fr\/wp-content\/uploads\/2021\/03\/20181024_143357_compress63-700x933.jpg\" alt=\"\" class=\"wp-image-568\" srcset=\"https:\/\/josartistepeintre.fr\/wp-content\/uploads\/2021\/03\/20181024_143357_compress63-700x933.jpg 700w, https:\/\/josartistepeintre.fr\/wp-content\/uploads\/2021\/03\/20181024_143357_compress63-225x300.jpg 225w, https:\/\/josartistepeintre.fr\/wp-content\/uploads\/2021\/03\/20181024_143357_compress63-768x1024.jpg 768w, https:\/\/josartistepeintre.fr\/wp-content\/uploads\/2021\/03\/20181024_143357_compress63-rotated.jpg 774w\" sizes=\"(max-width: 700px) 100vw, 700px\" \/><\/figure><\/div>\n\n\n\n<div class=\"wp-block-image\"><figure class=\"aligncenter size-large\"><img decoding=\"async\" loading=\"lazy\" width=\"700\" height=\"525\" src=\"http:\/\/josartistepeintre.fr\/wp-content\/uploads\/2021\/03\/20181023_170458_compress62-700x525.jpg\" alt=\"\" class=\"wp-image-569\" srcset=\"https:\/\/josartistepeintre.fr\/wp-content\/uploads\/2021\/03\/20181023_170458_compress62-700x525.jpg 700w, https:\/\/josartistepeintre.fr\/wp-content\/uploads\/2021\/03\/20181023_170458_compress62-300x225.jpg 300w, https:\/\/josartistepeintre.fr\/wp-content\/uploads\/2021\/03\/20181023_170458_compress62-768x576.jpg 768w, https:\/\/josartistepeintre.fr\/wp-content\/uploads\/2021\/03\/20181023_170458_compress62.jpg 1032w\" sizes=\"(max-width: 700px) 100vw, 700px\" \/><\/figure><\/div>\n\n\n\n<div class=\"wp-block-image\"><figure class=\"aligncenter size-large\"><img decoding=\"async\" loading=\"lazy\" width=\"700\" height=\"525\" src=\"http:\/\/josartistepeintre.fr\/wp-content\/uploads\/2021\/03\/20181023_170445_compress55-700x525.jpg\" alt=\"\" class=\"wp-image-570\" srcset=\"https:\/\/josartistepeintre.fr\/wp-content\/uploads\/2021\/03\/20181023_170445_compress55-700x525.jpg 700w, https:\/\/josartistepeintre.fr\/wp-content\/uploads\/2021\/03\/20181023_170445_compress55-300x225.jpg 300w, https:\/\/josartistepeintre.fr\/wp-content\/uploads\/2021\/03\/20181023_170445_compress55-768x576.jpg 768w, https:\/\/josartistepeintre.fr\/wp-content\/uploads\/2021\/03\/20181023_170445_compress55.jpg 1032w\" sizes=\"(max-width: 700px) 100vw, 700px\" \/><\/figure><\/div>\n\n\n\n<div class=\"wp-block-image\"><figure class=\"aligncenter size-large\"><img decoding=\"async\" loading=\"lazy\" width=\"700\" height=\"525\" src=\"http:\/\/josartistepeintre.fr\/wp-content\/uploads\/2021\/03\/20181023_170430_compress17-700x525.jpg\" alt=\"\" class=\"wp-image-571\" srcset=\"https:\/\/josartistepeintre.fr\/wp-content\/uploads\/2021\/03\/20181023_170430_compress17-700x525.jpg 700w, https:\/\/josartistepeintre.fr\/wp-content\/uploads\/2021\/03\/20181023_170430_compress17-300x225.jpg 300w, https:\/\/josartistepeintre.fr\/wp-content\/uploads\/2021\/03\/20181023_170430_compress17-768x576.jpg 768w, https:\/\/josartistepeintre.fr\/wp-content\/uploads\/2021\/03\/20181023_170430_compress17.jpg 1032w\" sizes=\"(max-width: 700px) 100vw, 700px\" \/><\/figure><\/div>\n\n\n\n<div class=\"wp-block-image\"><figure class=\"aligncenter size-large\"><img decoding=\"async\" loading=\"lazy\" width=\"700\" height=\"525\" src=\"http:\/\/josartistepeintre.fr\/wp-content\/uploads\/2021\/03\/20181023_170412_compress0-700x525.jpg\" alt=\"\" class=\"wp-image-572\" srcset=\"https:\/\/josartistepeintre.fr\/wp-content\/uploads\/2021\/03\/20181023_170412_compress0-700x525.jpg 700w, https:\/\/josartistepeintre.fr\/wp-content\/uploads\/2021\/03\/20181023_170412_compress0-300x225.jpg 300w, https:\/\/josartistepeintre.fr\/wp-content\/uploads\/2021\/03\/20181023_170412_compress0-768x576.jpg 768w, https:\/\/josartistepeintre.fr\/wp-content\/uploads\/2021\/03\/20181023_170412_compress0.jpg 1032w\" sizes=\"(max-width: 700px) 100vw, 700px\" \/><\/figure><\/div>\n\n\n\n<div class=\"wp-block-image\"><figure class=\"aligncenter size-large\"><img decoding=\"async\" loading=\"lazy\" width=\"700\" height=\"525\" src=\"http:\/\/josartistepeintre.fr\/wp-content\/uploads\/2021\/03\/20181023_170335_compress66-700x525.jpg\" alt=\"\" class=\"wp-image-573\" srcset=\"https:\/\/josartistepeintre.fr\/wp-content\/uploads\/2021\/03\/20181023_170335_compress66-700x525.jpg 700w, https:\/\/josartistepeintre.fr\/wp-content\/uploads\/2021\/03\/20181023_170335_compress66-300x225.jpg 300w, https:\/\/josartistepeintre.fr\/wp-content\/uploads\/2021\/03\/20181023_170335_compress66-768x576.jpg 768w, https:\/\/josartistepeintre.fr\/wp-content\/uploads\/2021\/03\/20181023_170335_compress66.jpg 1032w\" sizes=\"(max-width: 700px) 100vw, 700px\" \/><\/figure><\/div>\n\n\n\n<div class=\"wp-block-image\"><figure class=\"aligncenter size-large\"><img decoding=\"async\" loading=\"lazy\" width=\"700\" height=\"525\" src=\"http:\/\/josartistepeintre.fr\/wp-content\/uploads\/2021\/03\/20181023_170318_compress38-700x525.jpg\" alt=\"\" class=\"wp-image-575\" srcset=\"https:\/\/josartistepeintre.fr\/wp-content\/uploads\/2021\/03\/20181023_170318_compress38-700x525.jpg 700w, https:\/\/josartistepeintre.fr\/wp-content\/uploads\/2021\/03\/20181023_170318_compress38-300x225.jpg 300w, https:\/\/josartistepeintre.fr\/wp-content\/uploads\/2021\/03\/20181023_170318_compress38-768x576.jpg 768w, https:\/\/josartistepeintre.fr\/wp-content\/uploads\/2021\/03\/20181023_170318_compress38.jpg 1032w\" sizes=\"(max-width: 700px) 100vw, 700px\" \/><\/figure><\/div>\n\n\n\n<div class=\"wp-block-image\"><figure class=\"aligncenter size-large\"><img decoding=\"async\" loading=\"lazy\" width=\"700\" height=\"525\" src=\"http:\/\/josartistepeintre.fr\/wp-content\/uploads\/2021\/03\/20181023_170301_compress52-700x525.jpg\" alt=\"\" class=\"wp-image-576\" srcset=\"https:\/\/josartistepeintre.fr\/wp-content\/uploads\/2021\/03\/20181023_170301_compress52-700x525.jpg 700w, https:\/\/josartistepeintre.fr\/wp-content\/uploads\/2021\/03\/20181023_170301_compress52-300x225.jpg 300w, https:\/\/josartistepeintre.fr\/wp-content\/uploads\/2021\/03\/20181023_170301_compress52-768x576.jpg 768w, https:\/\/josartistepeintre.fr\/wp-content\/uploads\/2021\/03\/20181023_170301_compress52.jpg 1032w\" sizes=\"(max-width: 700px) 100vw, 700px\" \/><\/figure><\/div>\n\n\n\n<div class=\"wp-block-image\"><figure class=\"aligncenter size-large\"><img decoding=\"async\" loading=\"lazy\" width=\"700\" height=\"525\" src=\"http:\/\/josartistepeintre.fr\/wp-content\/uploads\/2021\/03\/20181004_163023_compress36-700x525.jpg\" alt=\"\" class=\"wp-image-577\" srcset=\"https:\/\/josartistepeintre.fr\/wp-content\/uploads\/2021\/03\/20181004_163023_compress36-700x525.jpg 700w, https:\/\/josartistepeintre.fr\/wp-content\/uploads\/2021\/03\/20181004_163023_compress36-300x225.jpg 300w, https:\/\/josartistepeintre.fr\/wp-content\/uploads\/2021\/03\/20181004_163023_compress36-768x576.jpg 768w, https:\/\/josartistepeintre.fr\/wp-content\/uploads\/2021\/03\/20181004_163023_compress36.jpg 1032w\" sizes=\"(max-width: 700px) 100vw, 700px\" \/><\/figure><\/div>\n\n\n\n<div class=\"wp-block-image\"><figure class=\"aligncenter size-large\"><img decoding=\"async\" loading=\"lazy\" width=\"700\" height=\"525\" src=\"http:\/\/josartistepeintre.fr\/wp-content\/uploads\/2021\/03\/20180831_164547_compress39-700x525.jpg\" alt=\"\" class=\"wp-image-578\" srcset=\"https:\/\/josartistepeintre.fr\/wp-content\/uploads\/2021\/03\/20180831_164547_compress39-700x525.jpg 700w, https:\/\/josartistepeintre.fr\/wp-content\/uploads\/2021\/03\/20180831_164547_compress39-300x225.jpg 300w, https:\/\/josartistepeintre.fr\/wp-content\/uploads\/2021\/03\/20180831_164547_compress39-768x576.jpg 768w, https:\/\/josartistepeintre.fr\/wp-content\/uploads\/2021\/03\/20180831_164547_compress39.jpg 1032w\" sizes=\"(max-width: 700px) 100vw, 700px\" \/><\/figure><\/div>\n\n\n\n<div class=\"wp-block-image\"><figure class=\"aligncenter size-large\"><img decoding=\"async\" loading=\"lazy\" width=\"700\" height=\"525\" src=\"http:\/\/josartistepeintre.fr\/wp-content\/uploads\/2021\/03\/20180831_164539_compress90-700x525.jpg\" alt=\"\" class=\"wp-image-579\" srcset=\"https:\/\/josartistepeintre.fr\/wp-content\/uploads\/2021\/03\/20180831_164539_compress90-700x525.jpg 700w, https:\/\/josartistepeintre.fr\/wp-content\/uploads\/2021\/03\/20180831_164539_compress90-300x225.jpg 300w, https:\/\/josartistepeintre.fr\/wp-content\/uploads\/2021\/03\/20180831_164539_compress90-768x576.jpg 768w, https:\/\/josartistepeintre.fr\/wp-content\/uploads\/2021\/03\/20180831_164539_compress90.jpg 1032w\" sizes=\"(max-width: 700px) 100vw, 700px\" \/><\/figure><\/div>\n","protected":false},"excerpt":{"rendered":"<p>Arborez fi\u00e8rement ces chapeaux de soleil, style Borsalino, imperm\u00e9abilis\u00e9s dont le bandeau est peint \u00e0 l&rsquo;acrylique avec le motif de votre choix !Pi\u00e8ces uniquesTailles adulte et enfant<\/p>\n","protected":false},"author":1,"featured_media":0,"parent":0,"menu_order":0,"comment_status":"closed","ping_status":"closed","template":"","meta":[],"_links":{"self":[{"href":"https:\/\/josartistepeintre.fr\/index.php?rest_route=\/wp\/v2\/pages\/185"}],"collection":[{"href":"https:\/\/josartistepeintre.fr\/index.php?rest_route=\/wp\/v2\/pages"}],"about":[{"href":"https:\/\/josartistepeintre.fr\/index.php?rest_route=\/wp\/v2\/types\/page"}],"author":[{"embeddable":true,"href":"https:\/\/josartistepeintre.fr\/index.php?rest_route=\/wp\/v2\/users\/1"}],"replies":[{"embeddable":true,"href":"https:\/\/josartistepeintre.fr\/index.php?rest_route=%2Fwp%2Fv2%2Fcomments&post=185"}],"version-history":[{"count":7,"href":"https:\/\/josartistepeintre.fr\/index.php?rest_route=\/wp\/v2\/pages\/185\/revisions"}],"predecessor-version":[{"id":715,"href":"https:\/\/josartistepeintre.fr\/index.php?rest_route=\/wp\/v2\/pages\/185\/revisions\/715"}],"wp:attachment":[{"href":"https:\/\/josartistepeintre.fr\/index.php?rest_route=%2Fwp%2Fv2%2Fmedia&parent=185"}],"curies":[{"name":"wp","href":"https:\/\/api.w.org\/{rel}","templated":true}]}}