{"id":156,"date":"2021-03-10T03:01:26","date_gmt":"2021-03-10T02:01:26","guid":{"rendered":"http:\/\/josartistepeintre.fr\/?page_id=156"},"modified":"2021-03-15T02:55:31","modified_gmt":"2021-03-15T01:55:31","slug":"les-horloges","status":"publish","type":"page","link":"https:\/\/josartistepeintre.fr\/?page_id=156","title":{"rendered":"Les horloges \u00eele de guadeloupe"},"content":{"rendered":"\n<p class=\"has-text-align-center\">Vous ne verrez plus l&rsquo;heure de la m\u00eame mani\u00e8re gr\u00e2ce \u00e0 ces horloges repr\u00e9sentant l&rsquo;\u00eele de la Guadeloupe ! Mesurant 30 cm, elles sont en bois et int\u00e9gralement r\u00e9alis\u00e9es par mes soins : d\u00e9coup\u00e9es, ponc\u00e9es, peintes \u00e0 l&rsquo;acrylique et vernies.<br>Le m\u00e9canisme est silencieux.<br>Pi\u00e8ces uniques personnalisables<\/p>\n\n\n\n<div class=\"wp-block-image\"><figure class=\"aligncenter size-large\"><img decoding=\"async\" loading=\"lazy\" width=\"700\" height=\"394\" src=\"http:\/\/josartistepeintre.fr\/wp-content\/uploads\/2021\/03\/FB_IMG_1615479400648-700x394.jpg\" alt=\"\" class=\"wp-image-784\" srcset=\"https:\/\/josartistepeintre.fr\/wp-content\/uploads\/2021\/03\/FB_IMG_1615479400648-700x394.jpg 700w, https:\/\/josartistepeintre.fr\/wp-content\/uploads\/2021\/03\/FB_IMG_1615479400648-300x169.jpg 300w, https:\/\/josartistepeintre.fr\/wp-content\/uploads\/2021\/03\/FB_IMG_1615479400648-768x432.jpg 768w, https:\/\/josartistepeintre.fr\/wp-content\/uploads\/2021\/03\/FB_IMG_1615479400648.jpg 1080w\" sizes=\"(max-width: 700px) 100vw, 700px\" \/><\/figure><\/div>\n\n\n\n<div class=\"wp-block-image\"><figure class=\"aligncenter size-large\"><img decoding=\"async\" loading=\"lazy\" width=\"700\" height=\"394\" src=\"http:\/\/josartistepeintre.fr\/wp-content\/uploads\/2021\/03\/FB_IMG_1615479393013-700x394.jpg\" alt=\"\" class=\"wp-image-785\" srcset=\"https:\/\/josartistepeintre.fr\/wp-content\/uploads\/2021\/03\/FB_IMG_1615479393013-700x394.jpg 700w, https:\/\/josartistepeintre.fr\/wp-content\/uploads\/2021\/03\/FB_IMG_1615479393013-300x169.jpg 300w, https:\/\/josartistepeintre.fr\/wp-content\/uploads\/2021\/03\/FB_IMG_1615479393013-768x432.jpg 768w, https:\/\/josartistepeintre.fr\/wp-content\/uploads\/2021\/03\/FB_IMG_1615479393013.jpg 1080w\" sizes=\"(max-width: 700px) 100vw, 700px\" \/><\/figure><\/div>\n\n\n\n<div class=\"wp-block-image\"><figure class=\"aligncenter size-large\"><img decoding=\"async\" loading=\"lazy\" width=\"700\" height=\"394\" src=\"http:\/\/josartistepeintre.fr\/wp-content\/uploads\/2021\/03\/20171218_202655_compress17-700x394.jpg\" alt=\"\" class=\"wp-image-380\" srcset=\"https:\/\/josartistepeintre.fr\/wp-content\/uploads\/2021\/03\/20171218_202655_compress17-700x394.jpg 700w, https:\/\/josartistepeintre.fr\/wp-content\/uploads\/2021\/03\/20171218_202655_compress17-300x169.jpg 300w, https:\/\/josartistepeintre.fr\/wp-content\/uploads\/2021\/03\/20171218_202655_compress17-768x432.jpg 768w, https:\/\/josartistepeintre.fr\/wp-content\/uploads\/2021\/03\/20171218_202655_compress17.jpg 1032w\" sizes=\"(max-width: 700px) 100vw, 700px\" \/><\/figure><\/div>\n\n\n\n<div class=\"wp-block-image\"><figure class=\"aligncenter size-large\"><img decoding=\"async\" loading=\"lazy\" width=\"700\" height=\"394\" src=\"http:\/\/josartistepeintre.fr\/wp-content\/uploads\/2021\/03\/20171218_202721_compress27-700x394.jpg\" alt=\"\" class=\"wp-image-379\" srcset=\"https:\/\/josartistepeintre.fr\/wp-content\/uploads\/2021\/03\/20171218_202721_compress27-700x394.jpg 700w, https:\/\/josartistepeintre.fr\/wp-content\/uploads\/2021\/03\/20171218_202721_compress27-300x169.jpg 300w, https:\/\/josartistepeintre.fr\/wp-content\/uploads\/2021\/03\/20171218_202721_compress27-768x432.jpg 768w, https:\/\/josartistepeintre.fr\/wp-content\/uploads\/2021\/03\/20171218_202721_compress27.jpg 1032w\" sizes=\"(max-width: 700px) 100vw, 700px\" \/><\/figure><\/div>\n\n\n\n<div class=\"wp-block-image\"><figure class=\"aligncenter size-large\"><img decoding=\"async\" loading=\"lazy\" width=\"700\" height=\"394\" src=\"http:\/\/josartistepeintre.fr\/wp-content\/uploads\/2021\/03\/20171220_080236_compress74-700x394.jpg\" alt=\"\" class=\"wp-image-356\" srcset=\"https:\/\/josartistepeintre.fr\/wp-content\/uploads\/2021\/03\/20171220_080236_compress74-700x394.jpg 700w, https:\/\/josartistepeintre.fr\/wp-content\/uploads\/2021\/03\/20171220_080236_compress74-300x169.jpg 300w, https:\/\/josartistepeintre.fr\/wp-content\/uploads\/2021\/03\/20171220_080236_compress74-768x432.jpg 768w, https:\/\/josartistepeintre.fr\/wp-content\/uploads\/2021\/03\/20171220_080236_compress74-1536x864.jpg 1536w, https:\/\/josartistepeintre.fr\/wp-content\/uploads\/2021\/03\/20171220_080236_compress74-2048x1152.jpg 2048w\" sizes=\"(max-width: 700px) 100vw, 700px\" \/><\/figure><\/div>\n\n\n\n<div class=\"wp-block-image\"><figure class=\"aligncenter size-large\"><img decoding=\"async\" loading=\"lazy\" width=\"700\" height=\"394\" src=\"http:\/\/josartistepeintre.fr\/wp-content\/uploads\/2021\/03\/20171220_080214_compress47-700x394.jpg\" alt=\"\" class=\"wp-image-357\" srcset=\"https:\/\/josartistepeintre.fr\/wp-content\/uploads\/2021\/03\/20171220_080214_compress47-700x394.jpg 700w, https:\/\/josartistepeintre.fr\/wp-content\/uploads\/2021\/03\/20171220_080214_compress47-300x169.jpg 300w, https:\/\/josartistepeintre.fr\/wp-content\/uploads\/2021\/03\/20171220_080214_compress47-768x432.jpg 768w, https:\/\/josartistepeintre.fr\/wp-content\/uploads\/2021\/03\/20171220_080214_compress47-1536x864.jpg 1536w, https:\/\/josartistepeintre.fr\/wp-content\/uploads\/2021\/03\/20171220_080214_compress47-2048x1152.jpg 2048w\" sizes=\"(max-width: 700px) 100vw, 700px\" \/><\/figure><\/div>\n\n\n\n<div class=\"wp-block-image\"><figure class=\"aligncenter size-large\"><img decoding=\"async\" loading=\"lazy\" width=\"700\" height=\"394\" src=\"http:\/\/josartistepeintre.fr\/wp-content\/uploads\/2021\/03\/20171220_080147_compress49-700x394.jpg\" alt=\"\" class=\"wp-image-359\" srcset=\"https:\/\/josartistepeintre.fr\/wp-content\/uploads\/2021\/03\/20171220_080147_compress49-700x394.jpg 700w, https:\/\/josartistepeintre.fr\/wp-content\/uploads\/2021\/03\/20171220_080147_compress49-300x169.jpg 300w, https:\/\/josartistepeintre.fr\/wp-content\/uploads\/2021\/03\/20171220_080147_compress49-768x432.jpg 768w, https:\/\/josartistepeintre.fr\/wp-content\/uploads\/2021\/03\/20171220_080147_compress49-1536x864.jpg 1536w, https:\/\/josartistepeintre.fr\/wp-content\/uploads\/2021\/03\/20171220_080147_compress49-2048x1152.jpg 2048w\" sizes=\"(max-width: 700px) 100vw, 700px\" \/><\/figure><\/div>\n\n\n\n<div class=\"wp-block-image\"><figure class=\"aligncenter size-large\"><img decoding=\"async\" loading=\"lazy\" width=\"700\" height=\"394\" src=\"http:\/\/josartistepeintre.fr\/wp-content\/uploads\/2021\/03\/20171220_080118_compress65-700x394.jpg\" alt=\"\" class=\"wp-image-360\" srcset=\"https:\/\/josartistepeintre.fr\/wp-content\/uploads\/2021\/03\/20171220_080118_compress65-700x394.jpg 700w, https:\/\/josartistepeintre.fr\/wp-content\/uploads\/2021\/03\/20171220_080118_compress65-300x169.jpg 300w, https:\/\/josartistepeintre.fr\/wp-content\/uploads\/2021\/03\/20171220_080118_compress65-768x432.jpg 768w, https:\/\/josartistepeintre.fr\/wp-content\/uploads\/2021\/03\/20171220_080118_compress65-1536x864.jpg 1536w, https:\/\/josartistepeintre.fr\/wp-content\/uploads\/2021\/03\/20171220_080118_compress65-2048x1152.jpg 2048w\" sizes=\"(max-width: 700px) 100vw, 700px\" \/><\/figure><\/div>\n\n\n\n<div class=\"wp-block-image\"><figure class=\"aligncenter size-large\"><img decoding=\"async\" loading=\"lazy\" width=\"700\" height=\"394\" src=\"http:\/\/josartistepeintre.fr\/wp-content\/uploads\/2021\/03\/20171220_080045_compress90-700x394.jpg\" alt=\"\" class=\"wp-image-361\" srcset=\"https:\/\/josartistepeintre.fr\/wp-content\/uploads\/2021\/03\/20171220_080045_compress90-700x394.jpg 700w, https:\/\/josartistepeintre.fr\/wp-content\/uploads\/2021\/03\/20171220_080045_compress90-300x169.jpg 300w, https:\/\/josartistepeintre.fr\/wp-content\/uploads\/2021\/03\/20171220_080045_compress90-768x432.jpg 768w, https:\/\/josartistepeintre.fr\/wp-content\/uploads\/2021\/03\/20171220_080045_compress90-1536x864.jpg 1536w, https:\/\/josartistepeintre.fr\/wp-content\/uploads\/2021\/03\/20171220_080045_compress90-2048x1152.jpg 2048w\" sizes=\"(max-width: 700px) 100vw, 700px\" \/><\/figure><\/div>\n\n\n\n<div class=\"wp-block-image\"><figure class=\"aligncenter size-large\"><img decoding=\"async\" loading=\"lazy\" width=\"700\" height=\"394\" src=\"http:\/\/josartistepeintre.fr\/wp-content\/uploads\/2021\/03\/20171218_202611_compress62-700x394.jpg\" alt=\"\" class=\"wp-image-362\" srcset=\"https:\/\/josartistepeintre.fr\/wp-content\/uploads\/2021\/03\/20171218_202611_compress62-700x394.jpg 700w, https:\/\/josartistepeintre.fr\/wp-content\/uploads\/2021\/03\/20171218_202611_compress62-300x169.jpg 300w, https:\/\/josartistepeintre.fr\/wp-content\/uploads\/2021\/03\/20171218_202611_compress62-768x432.jpg 768w, https:\/\/josartistepeintre.fr\/wp-content\/uploads\/2021\/03\/20171218_202611_compress62-1536x864.jpg 1536w, https:\/\/josartistepeintre.fr\/wp-content\/uploads\/2021\/03\/20171218_202611_compress62-2048x1152.jpg 2048w\" sizes=\"(max-width: 700px) 100vw, 700px\" \/><\/figure><\/div>\n\n\n\n<div class=\"wp-block-image\"><figure class=\"aligncenter size-large\"><img decoding=\"async\" loading=\"lazy\" width=\"700\" height=\"394\" src=\"http:\/\/josartistepeintre.fr\/wp-content\/uploads\/2021\/03\/20171218_202534_compress94-700x394.jpg\" alt=\"\" class=\"wp-image-363\" srcset=\"https:\/\/josartistepeintre.fr\/wp-content\/uploads\/2021\/03\/20171218_202534_compress94-700x394.jpg 700w, https:\/\/josartistepeintre.fr\/wp-content\/uploads\/2021\/03\/20171218_202534_compress94-300x169.jpg 300w, https:\/\/josartistepeintre.fr\/wp-content\/uploads\/2021\/03\/20171218_202534_compress94-768x432.jpg 768w, https:\/\/josartistepeintre.fr\/wp-content\/uploads\/2021\/03\/20171218_202534_compress94-1536x864.jpg 1536w, https:\/\/josartistepeintre.fr\/wp-content\/uploads\/2021\/03\/20171218_202534_compress94-2048x1152.jpg 2048w\" sizes=\"(max-width: 700px) 100vw, 700px\" \/><\/figure><\/div>\n\n\n\n<div class=\"wp-block-image\"><figure class=\"aligncenter size-large\"><img decoding=\"async\" loading=\"lazy\" width=\"700\" height=\"394\" src=\"http:\/\/josartistepeintre.fr\/wp-content\/uploads\/2021\/03\/20171218_202500_compress42-700x394.jpg\" alt=\"\" class=\"wp-image-364\" srcset=\"https:\/\/josartistepeintre.fr\/wp-content\/uploads\/2021\/03\/20171218_202500_compress42-700x394.jpg 700w, https:\/\/josartistepeintre.fr\/wp-content\/uploads\/2021\/03\/20171218_202500_compress42-300x169.jpg 300w, https:\/\/josartistepeintre.fr\/wp-content\/uploads\/2021\/03\/20171218_202500_compress42-768x432.jpg 768w, https:\/\/josartistepeintre.fr\/wp-content\/uploads\/2021\/03\/20171218_202500_compress42-1536x864.jpg 1536w, https:\/\/josartistepeintre.fr\/wp-content\/uploads\/2021\/03\/20171218_202500_compress42-2048x1152.jpg 2048w\" sizes=\"(max-width: 700px) 100vw, 700px\" \/><\/figure><\/div>\n\n\n\n<div class=\"wp-block-image\"><figure class=\"aligncenter size-large\"><img decoding=\"async\" loading=\"lazy\" width=\"700\" height=\"394\" src=\"http:\/\/josartistepeintre.fr\/wp-content\/uploads\/2021\/03\/20170624_145056_compress67-700x394.jpg\" alt=\"\" class=\"wp-image-365\" srcset=\"https:\/\/josartistepeintre.fr\/wp-content\/uploads\/2021\/03\/20170624_145056_compress67-700x394.jpg 700w, https:\/\/josartistepeintre.fr\/wp-content\/uploads\/2021\/03\/20170624_145056_compress67-300x169.jpg 300w, https:\/\/josartistepeintre.fr\/wp-content\/uploads\/2021\/03\/20170624_145056_compress67-768x432.jpg 768w, https:\/\/josartistepeintre.fr\/wp-content\/uploads\/2021\/03\/20170624_145056_compress67-1536x864.jpg 1536w, https:\/\/josartistepeintre.fr\/wp-content\/uploads\/2021\/03\/20170624_145056_compress67-2048x1152.jpg 2048w\" sizes=\"(max-width: 700px) 100vw, 700px\" \/><\/figure><\/div>\n\n\n\n<div class=\"wp-block-image\"><figure class=\"aligncenter size-large\"><img decoding=\"async\" loading=\"lazy\" width=\"700\" height=\"481\" src=\"http:\/\/josartistepeintre.fr\/wp-content\/uploads\/2021\/03\/20190501_181524_compress31-700x481.jpg\" alt=\"\" class=\"wp-image-366\" srcset=\"https:\/\/josartistepeintre.fr\/wp-content\/uploads\/2021\/03\/20190501_181524_compress31-700x481.jpg 700w, https:\/\/josartistepeintre.fr\/wp-content\/uploads\/2021\/03\/20190501_181524_compress31-300x206.jpg 300w, https:\/\/josartistepeintre.fr\/wp-content\/uploads\/2021\/03\/20190501_181524_compress31-768x528.jpg 768w, https:\/\/josartistepeintre.fr\/wp-content\/uploads\/2021\/03\/20190501_181524_compress31-1536x1055.jpg 1536w, https:\/\/josartistepeintre.fr\/wp-content\/uploads\/2021\/03\/20190501_181524_compress31-2048x1407.jpg 2048w\" sizes=\"(max-width: 700px) 100vw, 700px\" \/><\/figure><\/div>\n\n\n\n<div class=\"wp-block-image\"><figure class=\"aligncenter size-large\"><img decoding=\"async\" loading=\"lazy\" width=\"700\" height=\"525\" src=\"http:\/\/josartistepeintre.fr\/wp-content\/uploads\/2021\/03\/20181106_161450_compress54-700x525.jpg\" alt=\"\" class=\"wp-image-367\" srcset=\"https:\/\/josartistepeintre.fr\/wp-content\/uploads\/2021\/03\/20181106_161450_compress54-700x525.jpg 700w, https:\/\/josartistepeintre.fr\/wp-content\/uploads\/2021\/03\/20181106_161450_compress54-300x225.jpg 300w, https:\/\/josartistepeintre.fr\/wp-content\/uploads\/2021\/03\/20181106_161450_compress54-768x576.jpg 768w, https:\/\/josartistepeintre.fr\/wp-content\/uploads\/2021\/03\/20181106_161450_compress54-1536x1152.jpg 1536w, https:\/\/josartistepeintre.fr\/wp-content\/uploads\/2021\/03\/20181106_161450_compress54-2048x1536.jpg 2048w\" sizes=\"(max-width: 700px) 100vw, 700px\" \/><\/figure><\/div>\n\n\n\n<div class=\"wp-block-image\"><figure class=\"aligncenter size-large\"><img decoding=\"async\" loading=\"lazy\" width=\"700\" height=\"394\" src=\"http:\/\/josartistepeintre.fr\/wp-content\/uploads\/2021\/03\/20171219_094351_compress24-700x394.jpg\" alt=\"\" class=\"wp-image-368\" srcset=\"https:\/\/josartistepeintre.fr\/wp-content\/uploads\/2021\/03\/20171219_094351_compress24-700x394.jpg 700w, https:\/\/josartistepeintre.fr\/wp-content\/uploads\/2021\/03\/20171219_094351_compress24-300x169.jpg 300w, https:\/\/josartistepeintre.fr\/wp-content\/uploads\/2021\/03\/20171219_094351_compress24-768x432.jpg 768w, https:\/\/josartistepeintre.fr\/wp-content\/uploads\/2021\/03\/20171219_094351_compress24-1536x864.jpg 1536w, https:\/\/josartistepeintre.fr\/wp-content\/uploads\/2021\/03\/20171219_094351_compress24-2048x1152.jpg 2048w\" sizes=\"(max-width: 700px) 100vw, 700px\" \/><\/figure><\/div>\n\n\n\n<div class=\"wp-block-image\"><figure class=\"aligncenter size-large\"><img decoding=\"async\" loading=\"lazy\" width=\"700\" height=\"394\" src=\"http:\/\/josartistepeintre.fr\/wp-content\/uploads\/2021\/03\/20171219_094343_compress56-700x394.jpg\" alt=\"\" class=\"wp-image-369\" srcset=\"https:\/\/josartistepeintre.fr\/wp-content\/uploads\/2021\/03\/20171219_094343_compress56-700x394.jpg 700w, https:\/\/josartistepeintre.fr\/wp-content\/uploads\/2021\/03\/20171219_094343_compress56-300x169.jpg 300w, https:\/\/josartistepeintre.fr\/wp-content\/uploads\/2021\/03\/20171219_094343_compress56-768x432.jpg 768w, https:\/\/josartistepeintre.fr\/wp-content\/uploads\/2021\/03\/20171219_094343_compress56-1536x864.jpg 1536w, https:\/\/josartistepeintre.fr\/wp-content\/uploads\/2021\/03\/20171219_094343_compress56-2048x1152.jpg 2048w\" sizes=\"(max-width: 700px) 100vw, 700px\" \/><\/figure><\/div>\n\n\n\n<div class=\"wp-block-image\"><figure class=\"aligncenter size-large\"><img decoding=\"async\" loading=\"lazy\" width=\"700\" height=\"394\" src=\"http:\/\/josartistepeintre.fr\/wp-content\/uploads\/2021\/03\/20171219_094335_compress2-700x394.jpg\" alt=\"\" class=\"wp-image-370\" srcset=\"https:\/\/josartistepeintre.fr\/wp-content\/uploads\/2021\/03\/20171219_094335_compress2-700x394.jpg 700w, https:\/\/josartistepeintre.fr\/wp-content\/uploads\/2021\/03\/20171219_094335_compress2-300x169.jpg 300w, https:\/\/josartistepeintre.fr\/wp-content\/uploads\/2021\/03\/20171219_094335_compress2-768x432.jpg 768w, https:\/\/josartistepeintre.fr\/wp-content\/uploads\/2021\/03\/20171219_094335_compress2-1536x864.jpg 1536w, https:\/\/josartistepeintre.fr\/wp-content\/uploads\/2021\/03\/20171219_094335_compress2-2048x1152.jpg 2048w\" sizes=\"(max-width: 700px) 100vw, 700px\" \/><\/figure><\/div>\n\n\n\n<div class=\"wp-block-image\"><figure class=\"aligncenter size-large\"><img decoding=\"async\" loading=\"lazy\" width=\"700\" height=\"394\" src=\"http:\/\/josartistepeintre.fr\/wp-content\/uploads\/2021\/03\/20171219_094323_compress33-700x394.jpg\" alt=\"\" class=\"wp-image-371\" srcset=\"https:\/\/josartistepeintre.fr\/wp-content\/uploads\/2021\/03\/20171219_094323_compress33-700x394.jpg 700w, https:\/\/josartistepeintre.fr\/wp-content\/uploads\/2021\/03\/20171219_094323_compress33-300x169.jpg 300w, https:\/\/josartistepeintre.fr\/wp-content\/uploads\/2021\/03\/20171219_094323_compress33-768x432.jpg 768w, https:\/\/josartistepeintre.fr\/wp-content\/uploads\/2021\/03\/20171219_094323_compress33-1536x864.jpg 1536w, https:\/\/josartistepeintre.fr\/wp-content\/uploads\/2021\/03\/20171219_094323_compress33-2048x1152.jpg 2048w\" sizes=\"(max-width: 700px) 100vw, 700px\" \/><\/figure><\/div>\n\n\n\n<div class=\"wp-block-image\"><figure class=\"aligncenter size-large\"><img decoding=\"async\" loading=\"lazy\" width=\"700\" height=\"394\" src=\"http:\/\/josartistepeintre.fr\/wp-content\/uploads\/2021\/03\/20171219_094311_compress50-700x394.jpg\" alt=\"\" class=\"wp-image-372\" srcset=\"https:\/\/josartistepeintre.fr\/wp-content\/uploads\/2021\/03\/20171219_094311_compress50-700x394.jpg 700w, https:\/\/josartistepeintre.fr\/wp-content\/uploads\/2021\/03\/20171219_094311_compress50-300x169.jpg 300w, https:\/\/josartistepeintre.fr\/wp-content\/uploads\/2021\/03\/20171219_094311_compress50-768x432.jpg 768w, https:\/\/josartistepeintre.fr\/wp-content\/uploads\/2021\/03\/20171219_094311_compress50-1536x864.jpg 1536w, https:\/\/josartistepeintre.fr\/wp-content\/uploads\/2021\/03\/20171219_094311_compress50-2048x1152.jpg 2048w\" sizes=\"(max-width: 700px) 100vw, 700px\" \/><\/figure><\/div>\n\n\n\n<div class=\"wp-block-image\"><figure class=\"aligncenter size-large\"><img decoding=\"async\" loading=\"lazy\" width=\"700\" height=\"394\" src=\"http:\/\/josartistepeintre.fr\/wp-content\/uploads\/2021\/03\/20171218_172050_compress56-700x394.jpg\" alt=\"\" class=\"wp-image-373\" srcset=\"https:\/\/josartistepeintre.fr\/wp-content\/uploads\/2021\/03\/20171218_172050_compress56-700x394.jpg 700w, https:\/\/josartistepeintre.fr\/wp-content\/uploads\/2021\/03\/20171218_172050_compress56-300x169.jpg 300w, https:\/\/josartistepeintre.fr\/wp-content\/uploads\/2021\/03\/20171218_172050_compress56-768x432.jpg 768w, https:\/\/josartistepeintre.fr\/wp-content\/uploads\/2021\/03\/20171218_172050_compress56-1536x864.jpg 1536w, https:\/\/josartistepeintre.fr\/wp-content\/uploads\/2021\/03\/20171218_172050_compress56-2048x1152.jpg 2048w\" sizes=\"(max-width: 700px) 100vw, 700px\" \/><\/figure><\/div>\n","protected":false},"excerpt":{"rendered":"<p>Vous ne verrez plus l&rsquo;heure de la m\u00eame mani\u00e8re gr\u00e2ce \u00e0 ces horloges repr\u00e9sentant l&rsquo;\u00eele de la Guadeloupe ! Mesurant 30 cm, elles sont en bois et int\u00e9gralement r\u00e9alis\u00e9es par mes soins : d\u00e9coup\u00e9es, ponc\u00e9es, peintes \u00e0 l&rsquo;acrylique et vernies.Le m\u00e9canisme est silencieux.Pi\u00e8ces uniques personnalisables<\/p>\n","protected":false},"author":1,"featured_media":0,"parent":0,"menu_order":0,"comment_status":"closed","ping_status":"closed","template":"","meta":[],"_links":{"self":[{"href":"https:\/\/josartistepeintre.fr\/index.php?rest_route=\/wp\/v2\/pages\/156"}],"collection":[{"href":"https:\/\/josartistepeintre.fr\/index.php?rest_route=\/wp\/v2\/pages"}],"about":[{"href":"https:\/\/josartistepeintre.fr\/index.php?rest_route=\/wp\/v2\/types\/page"}],"author":[{"embeddable":true,"href":"https:\/\/josartistepeintre.fr\/index.php?rest_route=\/wp\/v2\/users\/1"}],"replies":[{"embeddable":true,"href":"https:\/\/josartistepeintre.fr\/index.php?rest_route=%2Fwp%2Fv2%2Fcomments&post=156"}],"version-history":[{"count":11,"href":"https:\/\/josartistepeintre.fr\/index.php?rest_route=\/wp\/v2\/pages\/156\/revisions"}],"predecessor-version":[{"id":786,"href":"https:\/\/josartistepeintre.fr\/index.php?rest_route=\/wp\/v2\/pages\/156\/revisions\/786"}],"wp:attachment":[{"href":"https:\/\/josartistepeintre.fr\/index.php?rest_route=%2Fwp%2Fv2%2Fmedia&parent=156"}],"curies":[{"name":"wp","href":"https:\/\/api.w.org\/{rel}","templated":true}]}}